{"id":20,"date":"2017-06-26T07:42:20","date_gmt":"2017-06-26T07:42:20","guid":{"rendered":"http:\/\/schoonheidssalonbylinda.nl\/?page_id=20"},"modified":"2017-08-10T08:51:08","modified_gmt":"2017-08-10T08:51:08","slug":"producten","status":"publish","type":"page","link":"http:\/\/schoonheidssalonbylinda.nl\/?page_id=20","title":{"rendered":"Producten"},"content":{"rendered":"<p><img decoding=\"async\" loading=\"lazy\" class=\"size-medium wp-image-234 alignright\" src=\"http:\/\/schoonheidssalonbylinda.nl\/wp-content\/uploads\/2017\/06\/Producten2-300x214.jpg\" alt=\"\" width=\"421\" height=\"300\" srcset=\"http:\/\/schoonheidssalonbylinda.nl\/wp-content\/uploads\/2017\/06\/Producten2-300x214.jpg 300w, http:\/\/schoonheidssalonbylinda.nl\/wp-content\/uploads\/2017\/06\/Producten2-768x548.jpg 768w, http:\/\/schoonheidssalonbylinda.nl\/wp-content\/uploads\/2017\/06\/Producten2.jpg 935w\" sizes=\"(max-width: 421px) 100vw, 421px\" \/><\/p>\n<p>Om je gezond te voelen en er goed uit te zien<br \/>\nis een regelmatige en hoogwaardige verzorging,<br \/>\nafgestemd op de huid erg belangrijk.<\/p>\n<div style=\"height: 5px;\"><\/div>\n<p><strong>Dr. Belter<\/strong><br \/>\nBy Linda wordt u behandeld met de producten van<br \/>\nDr. Belter Cosmetic. Belter Cosmetics is een Duits familiebedrijf met meer dan 30 jaar ervaring<br \/>\nin het doen van cosmetisch onderzoek,<br \/>\ntoepassingen en het geven van trainingen.<br \/>\nDe biochemicus en het hoofd van het onderzoeks-<br \/>\nen ontwikkelteam, Dr. Clemens Belter ontwikkelt en optimaliseert continue alle producten. Belter garandeert dan ook absolute topkwaliteit en veiligheid.<\/p>\n<p><img decoding=\"async\" loading=\"lazy\" class=\"size-medium wp-image-257 alignright\" src=\"http:\/\/schoonheidssalonbylinda.nl\/wp-content\/uploads\/2017\/06\/Producten1-300x214.jpg\" alt=\"\" width=\"421\" height=\"300\" srcset=\"http:\/\/schoonheidssalonbylinda.nl\/wp-content\/uploads\/2017\/06\/Producten1-300x214.jpg 300w, http:\/\/schoonheidssalonbylinda.nl\/wp-content\/uploads\/2017\/06\/Producten1-768x548.jpg 768w, http:\/\/schoonheidssalonbylinda.nl\/wp-content\/uploads\/2017\/06\/Producten1.jpg 935w\" sizes=\"(max-width: 421px) 100vw, 421px\" \/><\/p>\n<div style=\"height: 5px;\"><\/div>\n<p><strong>100% natuurlijke producten<\/strong><br \/>\nDoor het combineren van natuurlijke en geneeskrachtige planten-extracten met de nieuwste gepatenteerde ingredi\u00ebnten, voldoen de producten aan hoogwaardige eisen. Alle producten zijn gemaakt van 95-100% natuurlijke ingredi\u00ebnten en zijn vrij van minerale- en siliconenoli\u00ebn. Met de producten van Dr. Belter kunnen zelfs de meest gevoelige en uitdagende huidcondities met succes worden behandeld.<\/p>\n<p>Dr. Belter Cosmetics heeft verschillende verzorgingslijnen voor een optimale verzorging van elk huidtype<br \/>\nen alle leeftijdsgroepen.<\/p>\n","protected":false},"excerpt":{"rendered":"<p>Om je gezond te voelen en er goed uit te zien is een regelmatige en hoogwaardige verzorging, afgestemd op de huid erg belangrijk. Dr. Belter By Linda wordt u behandeld met de producten van Dr. Belter Cosmetic. Belter Cosmetics is een Duits familiebedrijf met meer dan 30 jaar ervaring in het doen van cosmetisch onderzoek, [&hellip;]<\/p>\n","protected":false},"author":1,"featured_media":39,"parent":0,"menu_order":3,"comment_status":"closed","ping_status":"closed","template":"","meta":[],"_links":{"self":[{"href":"http:\/\/schoonheidssalonbylinda.nl\/index.php?rest_route=\/wp\/v2\/pages\/20"}],"collection":[{"href":"http:\/\/schoonheidssalonbylinda.nl\/index.php?rest_route=\/wp\/v2\/pages"}],"about":[{"href":"http:\/\/schoonheidssalonbylinda.nl\/index.php?rest_route=\/wp\/v2\/types\/page"}],"author":[{"embeddable":true,"href":"http:\/\/schoonheidssalonbylinda.nl\/index.php?rest_route=\/wp\/v2\/users\/1"}],"replies":[{"embeddable":true,"href":"http:\/\/schoonheidssalonbylinda.nl\/index.php?rest_route=%2Fwp%2Fv2%2Fcomments&post=20"}],"version-history":[{"count":51,"href":"http:\/\/schoonheidssalonbylinda.nl\/index.php?rest_route=\/wp\/v2\/pages\/20\/revisions"}],"predecessor-version":[{"id":282,"href":"http:\/\/schoonheidssalonbylinda.nl\/index.php?rest_route=\/wp\/v2\/pages\/20\/revisions\/282"}],"wp:featuredmedia":[{"embeddable":true,"href":"http:\/\/schoonheidssalonbylinda.nl\/index.php?rest_route=\/wp\/v2\/media\/39"}],"wp:attachment":[{"href":"http:\/\/schoonheidssalonbylinda.nl\/index.php?rest_route=%2Fwp%2Fv2%2Fmedia&parent=20"}],"curies":[{"name":"wp","href":"https:\/\/api.w.org\/{rel}","templated":true}]}}